{"id":16637,"date":"2018-05-05T08:19:45","date_gmt":"2018-05-05T08:19:45","guid":{"rendered":"http:\/\/cdn.gillion.shufflehound.com\/magazine\/shop\/"},"modified":"2021-07-12T23:00:03","modified_gmt":"2021-07-13T04:00:03","slug":"shop","status":"publish","type":"page","link":"http:\/\/toroestoro.com\/?page_id=16637","title":{"rendered":"Anteriores"},"content":{"rendered":"<h2 class=\"sub-title-primary\"><\/h2> <p><a href=\"#\"><\/a><\/p>\n<h4>2021 julio<\/h4>\n<p><a href=\"#\"><\/a><\/p>\n<h3>Week 3<\/h3>\n<dl id=\"mec_weekly_view_week_47423_2021071\" data-week-id=\"2021071\" data-week-number=\"1\" data-max-weeks=\"5\">\n<dt data-events-count=\"0\">lun 28 <\/dt>\n<dt data-events-count=\"0\">mar 29 <\/dt>\n<dt data-events-count=\"0\">mi\u00e9 30 <\/dt>\n<dt data-events-count=\"0\">jue 1 <\/dt>\n<dt data-events-count=\"0\">vie 2 <\/dt>\n<dt data-events-count=\"3\">s\u00e1b 3 <\/dt>\n<dt data-events-count=\"2\">dom 4 <\/dt>\n<\/dl>\n<dl id=\"mec_weekly_view_week_47423_2021072\" data-week-id=\"2021072\" data-week-number=\"2\" data-max-weeks=\"5\">\n<dt data-events-count=\"0\">lun 5 <\/dt>\n<dt data-events-count=\"0\">mar 6 <\/dt>\n<dt data-events-count=\"0\">mi\u00e9 7 <\/dt>\n<dt data-events-count=\"0\">jue 8 <\/dt>\n<dt data-events-count=\"0\">vie 9 <\/dt>\n<dt data-events-count=\"3\">s\u00e1b 10 <\/dt>\n<dt data-events-count=\"1\">dom 11 <\/dt>\n<\/dl>\n<dl id=\"mec_weekly_view_week_47423_2021073\" data-week-id=\"2021073\" data-week-number=\"3\" data-max-weeks=\"5\">\n<dt data-events-count=\"0\">lun 12 <\/dt>\n<dt data-events-count=\"0\">mar 13 <\/dt>\n<dt data-events-count=\"0\">mi\u00e9 14 <\/dt>\n<dt data-events-count=\"0\">jue 15 <\/dt>\n<dt data-events-count=\"0\">vie 16 <\/dt>\n<dt data-events-count=\"2\">s\u00e1b 17 <\/dt>\n<dt data-events-count=\"3\">dom 18 <\/dt>\n<\/dl>\n<dl id=\"mec_weekly_view_week_47423_2021074\" data-week-id=\"2021074\" data-week-number=\"4\" data-max-weeks=\"5\">\n<dt data-events-count=\"0\">lun 19 <\/dt>\n<dt data-events-count=\"0\">mar 20 <\/dt>\n<dt data-events-count=\"0\">mi\u00e9 21 <\/dt>\n<dt data-events-count=\"0\">jue 22 <\/dt>\n<dt data-events-count=\"0\">vie 23 <\/dt>\n<dt data-events-count=\"1\">s\u00e1b 24 <\/dt>\n<dt data-events-count=\"2\">dom 25 <\/dt>\n<\/dl>\n<dl id=\"mec_weekly_view_week_47423_2021075\" data-week-id=\"2021075\" data-week-number=\"5\" data-max-weeks=\"5\">\n<dt data-events-count=\"0\">lun 26 <\/dt>\n<dt data-events-count=\"0\">mar 27 <\/dt>\n<dt data-events-count=\"0\">mi\u00e9 28 <\/dt>\n<dt data-events-count=\"0\">jue 29 <\/dt>\n<dt data-events-count=\"0\">vie 30 <\/dt>\n<dt data-events-count=\"1\">s\u00e1b 31 <\/dt>\n<dt data-events-count=\"2\">dom 1 <\/dt>\n<\/dl>\n<ul>\n<li id=\"mec_weekly_view_date_events47423_20210703\" data-week-number=\"1\">\n<article>\n                03julio<br \/>\n                                 16:00 &#8211; 18:30                <\/p>\n<h4><a data-event-id=\"47407\" href=\"http:\/\/toroestoro.com\/?mec-events=puebla-puebla\" target=\"_self\" rel=\"noopener\">Puebla, Puebla<\/a><\/h4>\n<p>                                Poliforum Nueva Escocia<br \/>\n                                                                            <\/article>\n<article>\n                03julio<br \/>\n                                 16:00 &#8211; 18:30                <\/p>\n<h4><a data-event-id=\"47408\" href=\"http:\/\/toroestoro.com\/?mec-events=aguascalientes-aguascalientes\" target=\"_self\" rel=\"noopener\">Aguascalientes, Aguascalientes<\/a><\/h4>\n<p>                                Plaza de Toros San Marcos<br \/>\n                                                                            <\/article>\n<article>\n                03julio<br \/>\n                                 16:00 &#8211; 18:30                <\/p>\n<h4><a data-event-id=\"47409\" href=\"http:\/\/toroestoro.com\/?mec-events=progreso-de-obregon-hidalgo\" target=\"_self\" rel=\"noopener\">Progreso de Obreg\u00f3n, Hidalgo<\/a><\/h4>\n<\/article>\n<\/li>\n<li id=\"mec_weekly_view_date_events47423_20210704\" data-week-number=\"1\">\n<article>\n                04julio<br \/>\n                                 16:00 &#8211; 18:30                <\/p>\n<h4><a data-event-id=\"47411\" href=\"http:\/\/toroestoro.com\/?mec-events=aguascalientes-aguascalientes-2\" target=\"_self\" rel=\"noopener\">Aguascalientes, Aguascalientes<\/a><\/h4>\n<p>                                Plaza de Toros San Marcos<br \/>\n                                                                            <\/article>\n<article>\n                04julio<br \/>\n                                 16:00 &#8211; 18:30                <\/p>\n<h4><a data-event-id=\"47412\" href=\"http:\/\/toroestoro.com\/?mec-events=monterrey-nuevo-leon\" target=\"_self\" rel=\"noopener\">Monterrey, Nuevo Le\u00f3n<\/a><\/h4>\n<p>                                Plaza de Toros Sebastian Medina<br \/>\n                                                                            <\/article>\n<\/li>\n<li id=\"mec_weekly_view_date_events47423_20210710\" data-week-number=\"2\">\n<article>\n                10julio<br \/>\n                                 16:00 &#8211; 18:30                <\/p>\n<h4><a data-event-id=\"47548\" href=\"http:\/\/toroestoro.com\/?mec-events=guadalajara-jalisco\" target=\"_self\" rel=\"noopener\">Guadalajara, Jalisco<\/a><\/h4>\n<p>                                Lienzo Charro Ignacio Zerme\u00f1o<br \/>\n                                                                            <\/article>\n<article>\n                10julio<br \/>\n                                 16:30 &#8211; 18:30                <\/p>\n<h4><a data-event-id=\"47544\" href=\"http:\/\/toroestoro.com\/?mec-events=apizaco-tlaxcala\" target=\"_self\" rel=\"noopener\">Apizaco, Tlaxcala<\/a><\/h4>\n<p>                                Plaza de Toros Wiliulfo Gonz\u00e1lez<br \/>\n                                                                            <\/article>\n<article>\n                10julio<br \/>\n                                 16:30 &#8211; 18:30                <\/p>\n<h4><a data-event-id=\"47546\" href=\"http:\/\/toroestoro.com\/?mec-events=aguascalientes-aguascalientes-3\" target=\"_self\" rel=\"noopener\">Aguascalientes, Aguascalientes<\/a><\/h4>\n<p>                                Cortijo San Rafael<br \/>\n                                                                            <\/article>\n<\/li>\n<li id=\"mec_weekly_view_date_events47423_20210711\" data-week-number=\"2\">\n<article>\n                11julio<br \/>\n                                 16:30 &#8211; 18:30                <\/p>\n<h4><a data-event-id=\"47551\" href=\"http:\/\/toroestoro.com\/?mec-events=aguascalientes-aguascalientes-4\" target=\"_self\" rel=\"noopener\">Aguascalientes, Aguascalientes<\/a><\/h4>\n<p>                                Plaza de Toros San Marcos<br \/>\n                                                                            <\/article>\n<\/li>\n<li id=\"mec_weekly_view_date_events47423_20210717\" data-week-number=\"3\">\n<article>\n                17julio<br \/>\n                <img data-recalc-dims=\"1\" decoding=\"async\" width=\"150\" height=\"150\" src=\"https:\/\/i0.wp.com\/toroestoro.com\/wp-content\/uploads\/2017\/01\/pendtijuamna17072021.jpg?resize=150%2C150\" alt=\"\" loading=\"lazy\" data-mec-postid=\"47679\" srcset=\"http:\/\/toroestoro.com\/wp-content\/uploads\/2017\/01\/pendtijuamna17072021-150x150.jpg 150w, http:\/\/toroestoro.com\/wp-content\/uploads\/2017\/01\/pendtijuamna17072021-585x585.jpg 585w, http:\/\/toroestoro.com\/wp-content\/uploads\/2017\/01\/pendtijuamna17072021-220x220.jpg 220w, http:\/\/toroestoro.com\/wp-content\/uploads\/2017\/01\/pendtijuamna17072021-80x80.jpg 80w\" sizes=\"auto, (max-width: 150px) 100vw, 150px\" \/><br \/>\n                                 16:00 &#8211; 18:30                <\/p>\n<h4><a data-event-id=\"47679\" href=\"http:\/\/toroestoro.com\/?mec-events=tijuana-baja-california\" target=\"_self\" rel=\"noopener\">Tijuana, Baja California<\/a><\/h4>\n<p>                                Nuevo Toreo de Tijuana<br \/>\n                                                                            <\/article>\n<article>\n                17julio<br \/>\n                                 16:00 &#8211; 18:30                <\/p>\n<h4><a data-event-id=\"47683\" href=\"http:\/\/toroestoro.com\/?mec-events=xaltocan-tlaxcala\" target=\"_self\" rel=\"noopener\">Xaltocan, Tlaxcala<\/a><\/h4>\n<\/article>\n<\/li>\n<li id=\"mec_weekly_view_date_events47423_20210718\" data-week-number=\"3\">\n<article>\n                18julio<br \/>\n                                 12:00 &#8211; 14:30                <\/p>\n<h4><a data-event-id=\"47684\" href=\"http:\/\/toroestoro.com\/?mec-events=texcoco-estado-de-mexico\" target=\"_self\" rel=\"noopener\">Texcoco, Estado de M\u00e9xico<\/a><\/h4>\n<p>                                Plaza de Toros Silverio P\u00e9rez<br \/>\n                                                                            <\/article>\n<article>\n                18julio<br \/>\n                <img data-recalc-dims=\"1\" decoding=\"async\" width=\"150\" height=\"150\" src=\"https:\/\/i0.wp.com\/toroestoro.com\/wp-content\/uploads\/2021\/06\/pendtexcoco18072021.jpg?resize=150%2C150\" alt=\"\" loading=\"lazy\" data-mec-postid=\"47413\" srcset=\"http:\/\/toroestoro.com\/wp-content\/uploads\/2021\/06\/pendtexcoco18072021-150x150.jpg 150w, http:\/\/toroestoro.com\/wp-content\/uploads\/2021\/06\/pendtexcoco18072021-585x585.jpg 585w, http:\/\/toroestoro.com\/wp-content\/uploads\/2021\/06\/pendtexcoco18072021-220x220.jpg 220w, http:\/\/toroestoro.com\/wp-content\/uploads\/2021\/06\/pendtexcoco18072021-80x80.jpg 80w\" sizes=\"auto, (max-width: 150px) 100vw, 150px\" \/><br \/>\n                                 16:00 &#8211; 18:30                <\/p>\n<h4><a data-event-id=\"47413\" href=\"http:\/\/toroestoro.com\/?mec-events=texcoco-texcoco\" target=\"_self\" rel=\"noopener\">Texcoco, Texcoco.<\/a><\/h4>\n<p>                                Plaza de Toros Silverio P\u00e9rez<br \/>\n                                                                            <\/article>\n<article>\n                18julio<br \/>\n                <img data-recalc-dims=\"1\" decoding=\"async\" width=\"150\" height=\"150\" src=\"https:\/\/i0.wp.com\/toroestoro.com\/wp-content\/uploads\/2021\/07\/pendtijuana18072021.jpg?resize=150%2C150\" alt=\"\" loading=\"lazy\" data-mec-postid=\"47682\" srcset=\"http:\/\/toroestoro.com\/wp-content\/uploads\/2021\/07\/pendtijuana18072021-150x150.jpg 150w, http:\/\/toroestoro.com\/wp-content\/uploads\/2021\/07\/pendtijuana18072021-300x300.jpg 300w, http:\/\/toroestoro.com\/wp-content\/uploads\/2021\/07\/pendtijuana18072021-585x585.jpg 585w, http:\/\/toroestoro.com\/wp-content\/uploads\/2021\/07\/pendtijuana18072021-220x220.jpg 220w, http:\/\/toroestoro.com\/wp-content\/uploads\/2021\/07\/pendtijuana18072021-80x80.jpg 80w\" sizes=\"auto, (max-width: 150px) 100vw, 150px\" \/><br \/>\n                                 16:00 &#8211; 18:30                <\/p>\n<h4><a data-event-id=\"47682\" href=\"http:\/\/toroestoro.com\/?mec-events=tijuana-baja-california-2\" target=\"_self\" rel=\"noopener\">Tijuana, Baja California<\/a><\/h4>\n<p>                                Nuevo Toreo de Tijuana<br \/>\n                                                                            <\/article>\n<\/li>\n<li id=\"mec_weekly_view_date_events47423_20210724\" data-week-number=\"4\">\n<article>\n                24julio<br \/>\n                                 12:00 &#8211; 16:00                <\/p>\n<h4><a data-event-id=\"47414\" href=\"http:\/\/toroestoro.com\/?mec-events=cinco-villas\" target=\"_self\" rel=\"noopener\">Cinco Villas<\/a><\/h4>\n<p>                                Plaza de Toros Cinco Villas<br \/>\n                                                                            <\/article>\n<\/li>\n<li id=\"mec_weekly_view_date_events47423_20210725\" data-week-number=\"4\">\n<article>\n                25julio<br \/>\n                                 12:30 &#8211; 16:00                <\/p>\n<h4><a data-event-id=\"47415\" href=\"http:\/\/toroestoro.com\/?mec-events=cinco-villas-2\" target=\"_self\" rel=\"noopener\">Cinco Villas<\/a><\/h4>\n<p>                                Plaza de Toros Cinco Villas<br \/>\n                                                                            <\/article>\n<article>\n                25julio<br \/>\n                <img data-recalc-dims=\"1\" decoding=\"async\" width=\"150\" height=\"150\" src=\"https:\/\/i0.wp.com\/toroestoro.com\/wp-content\/uploads\/2021\/07\/pendnovillzacatecasjul2021.jpg?resize=150%2C150\" alt=\"\" loading=\"lazy\" data-mec-postid=\"47689\" srcset=\"http:\/\/toroestoro.com\/wp-content\/uploads\/2021\/07\/pendnovillzacatecasjul2021-150x150.jpg 150w, http:\/\/toroestoro.com\/wp-content\/uploads\/2021\/07\/pendnovillzacatecasjul2021-300x300.jpg 300w, http:\/\/toroestoro.com\/wp-content\/uploads\/2021\/07\/pendnovillzacatecasjul2021-585x585.jpg 585w, http:\/\/toroestoro.com\/wp-content\/uploads\/2021\/07\/pendnovillzacatecasjul2021-220x220.jpg 220w, http:\/\/toroestoro.com\/wp-content\/uploads\/2021\/07\/pendnovillzacatecasjul2021-80x80.jpg 80w\" sizes=\"auto, (max-width: 150px) 100vw, 150px\" \/><br \/>\n                                 17:00 &#8211; 18:30                <\/p>\n<h4><a data-event-id=\"47689\" href=\"http:\/\/toroestoro.com\/?mec-events=zacatecas-zacatecas-2\" target=\"_self\" rel=\"noopener\">Zacatecas, Zacatecas<\/a><\/h4>\n<p>                                Monumental de Zacatecas<br \/>\n                                                                            <\/article>\n<\/li>\n<li id=\"mec_weekly_view_date_events47423_20210731\" data-week-number=\"5\">\n<article>\n                31julio<br \/>\n                                 16:00 &#8211; 18:30                <\/p>\n<h4><a data-event-id=\"47690\" href=\"http:\/\/toroestoro.com\/?mec-events=apizaco-tlaxcala-2\" target=\"_self\" rel=\"noopener\">Apizaco, Tlaxcala<\/a><\/h4>\n<p>                                Plaza de Toros Rodolfo Rodr\u00edguez El Pana<br \/>\n                                                                            <\/article>\n<\/li>\n<li id=\"mec_weekly_view_date_events47423_20210801\" data-week-number=\"5\">\n<article>\n                01agosto<br \/>\n                                 16:30 &#8211; 18:30                <\/p>\n<h4><a data-event-id=\"47416\" href=\"http:\/\/toroestoro.com\/?mec-events=teziutlan-puebla\" target=\"_self\" rel=\"noopener\">Teziutl\u00e1n, Puebla<\/a><\/h4>\n<p>                                Plaza de Toros El Pinal<br \/>\n                                                                            <\/article>\n<article>\n                01agosto<br \/>\n                <img data-recalc-dims=\"1\" decoding=\"async\" width=\"150\" height=\"150\" src=\"https:\/\/i0.wp.com\/toroestoro.com\/wp-content\/uploads\/2021\/07\/pendcadereyta01082021.jpg?resize=150%2C150\" alt=\"\" loading=\"lazy\" data-mec-postid=\"47421\" srcset=\"http:\/\/toroestoro.com\/wp-content\/uploads\/2021\/07\/pendcadereyta01082021-150x150.jpg 150w, http:\/\/toroestoro.com\/wp-content\/uploads\/2021\/07\/pendcadereyta01082021-300x300.jpg 300w, http:\/\/toroestoro.com\/wp-content\/uploads\/2021\/07\/pendcadereyta01082021-585x585.jpg 585w, http:\/\/toroestoro.com\/wp-content\/uploads\/2021\/07\/pendcadereyta01082021-220x220.jpg 220w, http:\/\/toroestoro.com\/wp-content\/uploads\/2021\/07\/pendcadereyta01082021-80x80.jpg 80w\" sizes=\"auto, (max-width: 150px) 100vw, 150px\" \/><br \/>\n                                 17:30 &#8211; 19:30                <\/p>\n<h4><a data-event-id=\"47421\" href=\"http:\/\/toroestoro.com\/?mec-events=cadereyta-nuevo-leon\" target=\"_self\" rel=\"noopener\">Cadereyta, Nuevo Le\u00f3n<\/a><\/h4>\n<p>                                Plaza de Toros Cadereyta<br \/>\n                                                                            <\/article>\n<\/li>\n<\/ul>\n<p>[vc_row][vc_column][vc_wp_search]\n            \n            <div class=\"sh-empty-space vc_empty_space sh-empty-space-VupFYw0Tjs  \" style=\"height: 32px\">\n                <span class=\"vc_empty_space_inner\"><\/span>\n            <\/div>\n\n        [vc_basic_grid post_type=&#8221;news&#8221; max_items=&#8221;27&#8243; style=&#8221;load-more&#8221; items_per_page=&#8221;27&#8243; btn_style=&#8221;modern&#8221; btn_color=&#8221;default&#8221; btn_size=&#8221;xs&#8221; grid_id=&#8221;vc_gid:1626141871481-fd067932923c35a5a6f128630bd32486-2&#8243; taxonomies=&#8221;400, 401, 402, 403, 404, 405, 406, 407, 408, 409, 410, 376&#8243;][\/vc_column][\/vc_row][vc_row][vc_column][\/vc_column][\/vc_row]<\/p>\n","protected":false},"excerpt":{"rendered":"<p>2021 julio Week 3 lun 28 mar 29 mi\u00e9 30 jue 1 vie 2 s\u00e1b 3 dom 4 lun 5 mar 6 mi\u00e9 7 jue 8 vie 9 s\u00e1b 10 dom 11 lun 12 mar 13 mi\u00e9 14 jue 15 vie 16 s\u00e1b 17 dom&#8230;<\/p>\n","protected":false},"author":3,"featured_media":0,"parent":0,"menu_order":0,"comment_status":"closed","ping_status":"closed","template":"","meta":{"ngg_post_thumbnail":0,"jetpack_post_was_ever_published":false,"footnotes":""},"class_list":["post-16637","page","type-page","status-publish","hentry"],"yoast_head":"<!-- This site is optimized with the Yoast SEO plugin v27.4 - https:\/\/yoast.com\/product\/yoast-seo-wordpress\/ -->\n<title>Anteriores - toroestoro<\/title>\n<meta name=\"robots\" content=\"index, follow, max-snippet:-1, max-image-preview:large, max-video-preview:-1\" \/>\n<link rel=\"canonical\" href=\"http:\/\/toroestoro.com\/?page_id=16637\" \/>\n<meta property=\"og:locale\" content=\"es_MX\" \/>\n<meta property=\"og:type\" content=\"article\" \/>\n<meta property=\"og:title\" content=\"Anteriores - toroestoro\" \/>\n<meta property=\"og:description\" content=\"2021 julio Week 3 lun 28 mar 29 mi\u00e9 30 jue 1 vie 2 s\u00e1b 3 dom 4 lun 5 mar 6 mi\u00e9 7 jue 8 vie 9 s\u00e1b 10 dom 11 lun 12 mar 13 mi\u00e9 14 jue 15 vie 16 s\u00e1b 17 dom...\" \/>\n<meta property=\"og:url\" content=\"http:\/\/toroestoro.com\/?page_id=16637\" \/>\n<meta property=\"og:site_name\" content=\"toroestoro\" \/>\n<meta property=\"article:publisher\" content=\"https:\/\/www.facebook.com\/toroestoro\" \/>\n<meta property=\"article:modified_time\" content=\"2021-07-13T04:00:03+00:00\" \/>\n<meta property=\"og:image\" content=\"http:\/\/toroestoro.com\/wp-content\/uploads\/2017\/01\/pendtijuamna17072021-150x150.jpg\" \/>\n<meta name=\"twitter:card\" content=\"summary_large_image\" \/>\n<meta name=\"twitter:site\" content=\"@toroestoro\" \/>\n<meta name=\"twitter:label1\" content=\"Tiempo de lectura\" \/>\n\t<meta name=\"twitter:data1\" content=\"12 minutos\" \/>\n<script type=\"application\/ld+json\" class=\"yoast-schema-graph\">{\"@context\":\"https:\\\/\\\/schema.org\",\"@graph\":[{\"@type\":\"WebPage\",\"@id\":\"http:\\\/\\\/toroestoro.com\\\/?page_id=16637\",\"url\":\"http:\\\/\\\/toroestoro.com\\\/?page_id=16637\",\"name\":\"Anteriores - toroestoro\",\"isPartOf\":{\"@id\":\"http:\\\/\\\/toroestoro.com\\\/#website\"},\"primaryImageOfPage\":{\"@id\":\"http:\\\/\\\/toroestoro.com\\\/?page_id=16637#primaryimage\"},\"image\":{\"@id\":\"http:\\\/\\\/toroestoro.com\\\/?page_id=16637#primaryimage\"},\"thumbnailUrl\":\"http:\\\/\\\/toroestoro.com\\\/wp-content\\\/uploads\\\/2017\\\/01\\\/pendtijuamna17072021-150x150.jpg\",\"datePublished\":\"2018-05-05T08:19:45+00:00\",\"dateModified\":\"2021-07-13T04:00:03+00:00\",\"breadcrumb\":{\"@id\":\"http:\\\/\\\/toroestoro.com\\\/?page_id=16637#breadcrumb\"},\"inLanguage\":\"es\",\"potentialAction\":[{\"@type\":\"ReadAction\",\"target\":[\"http:\\\/\\\/toroestoro.com\\\/?page_id=16637\"]}]},{\"@type\":\"ImageObject\",\"inLanguage\":\"es\",\"@id\":\"http:\\\/\\\/toroestoro.com\\\/?page_id=16637#primaryimage\",\"url\":\"https:\\\/\\\/i0.wp.com\\\/toroestoro.com\\\/wp-content\\\/uploads\\\/2017\\\/01\\\/pendtijuamna17072021.jpg?fit=748%2C678\",\"contentUrl\":\"https:\\\/\\\/i0.wp.com\\\/toroestoro.com\\\/wp-content\\\/uploads\\\/2017\\\/01\\\/pendtijuamna17072021.jpg?fit=748%2C678\",\"width\":748,\"height\":678},{\"@type\":\"BreadcrumbList\",\"@id\":\"http:\\\/\\\/toroestoro.com\\\/?page_id=16637#breadcrumb\",\"itemListElement\":[{\"@type\":\"ListItem\",\"position\":1,\"name\":\"Inicio\",\"item\":\"https:\\\/\\\/toroestoro.com\\\/\"},{\"@type\":\"ListItem\",\"position\":2,\"name\":\"Anteriores\"}]},{\"@type\":\"WebSite\",\"@id\":\"http:\\\/\\\/toroestoro.com\\\/#website\",\"url\":\"http:\\\/\\\/toroestoro.com\\\/\",\"name\":\"toroestoro\",\"description\":\"Por Amor al Arte\",\"publisher\":{\"@id\":\"http:\\\/\\\/toroestoro.com\\\/#organization\"},\"potentialAction\":[{\"@type\":\"SearchAction\",\"target\":{\"@type\":\"EntryPoint\",\"urlTemplate\":\"http:\\\/\\\/toroestoro.com\\\/?s={search_term_string}\"},\"query-input\":{\"@type\":\"PropertyValueSpecification\",\"valueRequired\":true,\"valueName\":\"search_term_string\"}}],\"inLanguage\":\"es\"},{\"@type\":\"Organization\",\"@id\":\"http:\\\/\\\/toroestoro.com\\\/#organization\",\"name\":\"toroestoro\",\"url\":\"http:\\\/\\\/toroestoro.com\\\/\",\"logo\":{\"@type\":\"ImageObject\",\"inLanguage\":\"es\",\"@id\":\"http:\\\/\\\/toroestoro.com\\\/#\\\/schema\\\/logo\\\/image\\\/\",\"url\":\"http:\\\/\\\/toroestoro.com\\\/wp-content\\\/uploads\\\/2021\\\/07\\\/favico.jpg\",\"contentUrl\":\"http:\\\/\\\/toroestoro.com\\\/wp-content\\\/uploads\\\/2021\\\/07\\\/favico.jpg\",\"width\":512,\"height\":512,\"caption\":\"toroestoro\"},\"image\":{\"@id\":\"http:\\\/\\\/toroestoro.com\\\/#\\\/schema\\\/logo\\\/image\\\/\"},\"sameAs\":[\"https:\\\/\\\/www.facebook.com\\\/toroestoro\",\"https:\\\/\\\/x.com\\\/toroestoro\",\"https:\\\/\\\/www.instagram.com\\\/todoestoro\"]}]}<\/script>\n<!-- \/ Yoast SEO plugin. -->","yoast_head_json":{"title":"Anteriores - toroestoro","robots":{"index":"index","follow":"follow","max-snippet":"max-snippet:-1","max-image-preview":"max-image-preview:large","max-video-preview":"max-video-preview:-1"},"canonical":"http:\/\/toroestoro.com\/?page_id=16637","og_locale":"es_MX","og_type":"article","og_title":"Anteriores - toroestoro","og_description":"2021 julio Week 3 lun 28 mar 29 mi\u00e9 30 jue 1 vie 2 s\u00e1b 3 dom 4 lun 5 mar 6 mi\u00e9 7 jue 8 vie 9 s\u00e1b 10 dom 11 lun 12 mar 13 mi\u00e9 14 jue 15 vie 16 s\u00e1b 17 dom...","og_url":"http:\/\/toroestoro.com\/?page_id=16637","og_site_name":"toroestoro","article_publisher":"https:\/\/www.facebook.com\/toroestoro","article_modified_time":"2021-07-13T04:00:03+00:00","og_image":[{"url":"http:\/\/toroestoro.com\/wp-content\/uploads\/2017\/01\/pendtijuamna17072021-150x150.jpg","type":"","width":"","height":""}],"twitter_card":"summary_large_image","twitter_site":"@toroestoro","twitter_misc":{"Tiempo de lectura":"12 minutos"},"schema":{"@context":"https:\/\/schema.org","@graph":[{"@type":"WebPage","@id":"http:\/\/toroestoro.com\/?page_id=16637","url":"http:\/\/toroestoro.com\/?page_id=16637","name":"Anteriores - toroestoro","isPartOf":{"@id":"http:\/\/toroestoro.com\/#website"},"primaryImageOfPage":{"@id":"http:\/\/toroestoro.com\/?page_id=16637#primaryimage"},"image":{"@id":"http:\/\/toroestoro.com\/?page_id=16637#primaryimage"},"thumbnailUrl":"http:\/\/toroestoro.com\/wp-content\/uploads\/2017\/01\/pendtijuamna17072021-150x150.jpg","datePublished":"2018-05-05T08:19:45+00:00","dateModified":"2021-07-13T04:00:03+00:00","breadcrumb":{"@id":"http:\/\/toroestoro.com\/?page_id=16637#breadcrumb"},"inLanguage":"es","potentialAction":[{"@type":"ReadAction","target":["http:\/\/toroestoro.com\/?page_id=16637"]}]},{"@type":"ImageObject","inLanguage":"es","@id":"http:\/\/toroestoro.com\/?page_id=16637#primaryimage","url":"https:\/\/i0.wp.com\/toroestoro.com\/wp-content\/uploads\/2017\/01\/pendtijuamna17072021.jpg?fit=748%2C678","contentUrl":"https:\/\/i0.wp.com\/toroestoro.com\/wp-content\/uploads\/2017\/01\/pendtijuamna17072021.jpg?fit=748%2C678","width":748,"height":678},{"@type":"BreadcrumbList","@id":"http:\/\/toroestoro.com\/?page_id=16637#breadcrumb","itemListElement":[{"@type":"ListItem","position":1,"name":"Inicio","item":"https:\/\/toroestoro.com\/"},{"@type":"ListItem","position":2,"name":"Anteriores"}]},{"@type":"WebSite","@id":"http:\/\/toroestoro.com\/#website","url":"http:\/\/toroestoro.com\/","name":"toroestoro","description":"Por Amor al Arte","publisher":{"@id":"http:\/\/toroestoro.com\/#organization"},"potentialAction":[{"@type":"SearchAction","target":{"@type":"EntryPoint","urlTemplate":"http:\/\/toroestoro.com\/?s={search_term_string}"},"query-input":{"@type":"PropertyValueSpecification","valueRequired":true,"valueName":"search_term_string"}}],"inLanguage":"es"},{"@type":"Organization","@id":"http:\/\/toroestoro.com\/#organization","name":"toroestoro","url":"http:\/\/toroestoro.com\/","logo":{"@type":"ImageObject","inLanguage":"es","@id":"http:\/\/toroestoro.com\/#\/schema\/logo\/image\/","url":"http:\/\/toroestoro.com\/wp-content\/uploads\/2021\/07\/favico.jpg","contentUrl":"http:\/\/toroestoro.com\/wp-content\/uploads\/2021\/07\/favico.jpg","width":512,"height":512,"caption":"toroestoro"},"image":{"@id":"http:\/\/toroestoro.com\/#\/schema\/logo\/image\/"},"sameAs":["https:\/\/www.facebook.com\/toroestoro","https:\/\/x.com\/toroestoro","https:\/\/www.instagram.com\/todoestoro"]}]}},"jetpack_likes_enabled":true,"jetpack_sharing_enabled":true,"_links":{"self":[{"href":"http:\/\/toroestoro.com\/index.php?rest_route=\/wp\/v2\/pages\/16637","targetHints":{"allow":["GET"]}}],"collection":[{"href":"http:\/\/toroestoro.com\/index.php?rest_route=\/wp\/v2\/pages"}],"about":[{"href":"http:\/\/toroestoro.com\/index.php?rest_route=\/wp\/v2\/types\/page"}],"author":[{"embeddable":true,"href":"http:\/\/toroestoro.com\/index.php?rest_route=\/wp\/v2\/users\/3"}],"replies":[{"embeddable":true,"href":"http:\/\/toroestoro.com\/index.php?rest_route=%2Fwp%2Fv2%2Fcomments&post=16637"}],"version-history":[{"count":0,"href":"http:\/\/toroestoro.com\/index.php?rest_route=\/wp\/v2\/pages\/16637\/revisions"}],"wp:attachment":[{"href":"http:\/\/toroestoro.com\/index.php?rest_route=%2Fwp%2Fv2%2Fmedia&parent=16637"}],"curies":[{"name":"wp","href":"https:\/\/api.w.org\/{rel}","templated":true}]}}